{"id":28906,"date":"2023-09-15T12:36:50","date_gmt":"2023-09-15T10:36:50","guid":{"rendered":"https:\/\/domainedesmaravilhas.com\/?post_type=product&#038;p=28906"},"modified":"2023-09-16T10:35:52","modified_gmt":"2023-09-16T08:35:52","slug":"le-passage-rouge-2011","status":"publish","type":"product","link":"https:\/\/domainedesmaravilhas.com\/en\/product\/le-passage-rouge-2011\/","title":{"rendered":"Le Passage \/ Rouge \/ 2011"},"content":{"rendered":"<p><a href=\"https:\/\/domainedesmaravilhas.com\/wp-content\/uploads\/2023\/09\/maravilhas-lepassage-2011-rouge.pdf\">Fiche technique<\/a><\/p>\n<p>Une vinification sans artifice conf\u00e8re \u00e0 cet assemblage Grenache-Cinsault un profil aromatique atypique, \u00e9l\u00e9gant, aux tanins soyeux sur un fond d&rsquo;\u00e9pices douces.<\/p>","protected":false},"excerpt":{"rendered":"<p>Une vinification sans artifice conf\u00e8re \u00e0 cet assemblage Grenache-Cinsault un profil aromatique atypique, \u00e9l\u00e9gant, aux tanins soyeux sur un fond d&rsquo;\u00e9pices douces.<\/p>","protected":false},"featured_media":28907,"template":"","meta":{"_et_pb_use_builder":"on","_et_pb_old_content":"<a href=\"https:\/\/domainedesmaravilhas.com\/wp-content\/uploads\/2023\/09\/maravilhas-lepassage-2011-rouge.pdf\">Fiche technique<\/a>\r\n\r\nUne vinification sans artifice conf\u00e8re \u00e0 cet assemblage Grenache-Cinsault un profil aromatique atypique, \u00e9l\u00e9gant, aux tanins soyeux sur un fond d'\u00e9pices douces.","_et_gb_content_width":""},"product_cat":[29,42,25],"product_tag":[49,50,48,47],"class_list":{"0":"post-28906","1":"product","2":"type-product","3":"status-publish","4":"has-post-thumbnail","6":"product_cat-29","7":"product_cat-laudun","8":"product_cat-rouge","9":"product_tag-49","10":"product_tag-laudun","11":"product_tag-rouge","12":"product_tag-vin","14":"first","15":"instock","16":"shipping-taxable","17":"product-type-simple"},"_links":{"self":[{"href":"https:\/\/domainedesmaravilhas.com\/en\/wp-json\/wp\/v2\/product\/28906","targetHints":{"allow":["GET"]}}],"collection":[{"href":"https:\/\/domainedesmaravilhas.com\/en\/wp-json\/wp\/v2\/product"}],"about":[{"href":"https:\/\/domainedesmaravilhas.com\/en\/wp-json\/wp\/v2\/types\/product"}],"wp:featuredmedia":[{"embeddable":true,"href":"https:\/\/domainedesmaravilhas.com\/en\/wp-json\/wp\/v2\/media\/28907"}],"wp:attachment":[{"href":"https:\/\/domainedesmaravilhas.com\/en\/wp-json\/wp\/v2\/media?parent=28906"}],"wp:term":[{"taxonomy":"product_cat","embeddable":true,"href":"https:\/\/domainedesmaravilhas.com\/en\/wp-json\/wp\/v2\/product_cat?post=28906"},{"taxonomy":"product_tag","embeddable":true,"href":"https:\/\/domainedesmaravilhas.com\/en\/wp-json\/wp\/v2\/product_tag?post=28906"}],"curies":[{"name":"wp","href":"https:\/\/api.w.org\/{rel}","templated":true}]}}