{"id":28923,"date":"2023-09-16T09:00:51","date_gmt":"2023-09-16T07:00:51","guid":{"rendered":"https:\/\/domainedesmaravilhas.com\/?post_type=product&#038;p=28923"},"modified":"2023-09-16T10:34:50","modified_gmt":"2023-09-16T08:34:50","slug":"bessalena-rouge-2012","status":"publish","type":"product","link":"https:\/\/domainedesmaravilhas.com\/en\/product\/bessalena-rouge-2012\/","title":{"rendered":"Bessalena \/ Rouge \/ 2012"},"content":{"rendered":"<p><a href=\"https:\/\/domainedesmaravilhas.com\/wp-content\/uploads\/2023\/09\/maravilhas-bessalena-2012-rouge.pdf\">Fiche technique<\/a><\/p>\n<p>Un vin d&rsquo;\u00e9motion, dense, profond\u00e9ment reli\u00e9 \u00e0 sa terre \u00e0 travers une tr\u00e8s belle expression de Syrah, Grenache et Cinsault.<\/p>","protected":false},"excerpt":{"rendered":"<p>Un vin d&rsquo;\u00e9motion, dense, profond\u00e9ment reli\u00e9 \u00e0 sa terre \u00e0 travers une tr\u00e8s belle expression de Syrah, Grenache et Cinsault.<\/p>","protected":false},"featured_media":28924,"template":"","meta":{"_et_pb_use_builder":"","_et_pb_old_content":"","_et_gb_content_width":""},"product_cat":[30,42,25],"product_tag":[51,50,48,47],"class_list":{"0":"post-28923","1":"product","2":"type-product","3":"status-publish","4":"has-post-thumbnail","6":"product_cat-30","7":"product_cat-laudun","8":"product_cat-rouge","9":"product_tag-51","10":"product_tag-laudun","11":"product_tag-rouge","12":"product_tag-vin","14":"first","15":"instock","16":"shipping-taxable","17":"product-type-simple"},"_links":{"self":[{"href":"https:\/\/domainedesmaravilhas.com\/en\/wp-json\/wp\/v2\/product\/28923","targetHints":{"allow":["GET"]}}],"collection":[{"href":"https:\/\/domainedesmaravilhas.com\/en\/wp-json\/wp\/v2\/product"}],"about":[{"href":"https:\/\/domainedesmaravilhas.com\/en\/wp-json\/wp\/v2\/types\/product"}],"wp:featuredmedia":[{"embeddable":true,"href":"https:\/\/domainedesmaravilhas.com\/en\/wp-json\/wp\/v2\/media\/28924"}],"wp:attachment":[{"href":"https:\/\/domainedesmaravilhas.com\/en\/wp-json\/wp\/v2\/media?parent=28923"}],"wp:term":[{"taxonomy":"product_cat","embeddable":true,"href":"https:\/\/domainedesmaravilhas.com\/en\/wp-json\/wp\/v2\/product_cat?post=28923"},{"taxonomy":"product_tag","embeddable":true,"href":"https:\/\/domainedesmaravilhas.com\/en\/wp-json\/wp\/v2\/product_tag?post=28923"}],"curies":[{"name":"wp","href":"https:\/\/api.w.org\/{rel}","templated":true}]}}