{"id":28929,"date":"2023-09-16T09:19:30","date_gmt":"2023-09-16T07:19:30","guid":{"rendered":"https:\/\/domainedesmaravilhas.com\/?post_type=product&#038;p=28929"},"modified":"2023-09-16T10:32:06","modified_gmt":"2023-09-16T08:32:06","slug":"pradau-rouge-2013","status":"publish","type":"product","link":"https:\/\/domainedesmaravilhas.com\/en\/product\/pradau-rouge-2013\/","title":{"rendered":"Pradau \/ Rouge \/ 2013"},"content":{"rendered":"<p><a href=\"https:\/\/domainedesmaravilhas.com\/wp-content\/uploads\/2023\/09\/maravilhas-pradau-2013-rouge.pdf\">Fiche technique<\/a><\/p>\n<p>Suave et charnue, cette cuv\u00e9e aux notes accentu\u00e9es de cerises noires s&rsquo;appuie sur des tanins affirm\u00e9s. Grenache, Syrah, Cinsault.<\/p>","protected":false},"excerpt":{"rendered":"<p>Suave et charnue, cette cuv\u00e9e aux notes accentu\u00e9es de cerises noires s&rsquo;appuie sur des tanins affirm\u00e9s. Grenache, Syrah, Cinsault.<\/p>","protected":false},"featured_media":28930,"template":"","meta":{"_et_pb_use_builder":"","_et_pb_old_content":"","_et_gb_content_width":""},"product_cat":[31,44,25],"product_tag":[52,53,48,47],"class_list":{"0":"post-28929","1":"product","2":"type-product","3":"status-publish","4":"has-post-thumbnail","6":"product_cat-31","7":"product_cat-lirac","8":"product_cat-rouge","9":"product_tag-52","10":"product_tag-lirac","11":"product_tag-rouge","12":"product_tag-vin","14":"first","15":"instock","16":"shipping-taxable","17":"product-type-simple"},"_links":{"self":[{"href":"https:\/\/domainedesmaravilhas.com\/en\/wp-json\/wp\/v2\/product\/28929","targetHints":{"allow":["GET"]}}],"collection":[{"href":"https:\/\/domainedesmaravilhas.com\/en\/wp-json\/wp\/v2\/product"}],"about":[{"href":"https:\/\/domainedesmaravilhas.com\/en\/wp-json\/wp\/v2\/types\/product"}],"wp:featuredmedia":[{"embeddable":true,"href":"https:\/\/domainedesmaravilhas.com\/en\/wp-json\/wp\/v2\/media\/28930"}],"wp:attachment":[{"href":"https:\/\/domainedesmaravilhas.com\/en\/wp-json\/wp\/v2\/media?parent=28929"}],"wp:term":[{"taxonomy":"product_cat","embeddable":true,"href":"https:\/\/domainedesmaravilhas.com\/en\/wp-json\/wp\/v2\/product_cat?post=28929"},{"taxonomy":"product_tag","embeddable":true,"href":"https:\/\/domainedesmaravilhas.com\/en\/wp-json\/wp\/v2\/product_tag?post=28929"}],"curies":[{"name":"wp","href":"https:\/\/api.w.org\/{rel}","templated":true}]}}