{"id":28933,"date":"2023-09-16T09:34:24","date_gmt":"2023-09-16T07:34:24","guid":{"rendered":"https:\/\/domainedesmaravilhas.com\/?post_type=product&#038;p=28933"},"modified":"2024-05-15T14:46:54","modified_gmt":"2024-05-15T12:46:54","slug":"alice-rose-2023","status":"publish","type":"product","link":"https:\/\/domainedesmaravilhas.com\/en\/product\/alice-rose-2023\/","title":{"rendered":"Alice \/ Ros\u00e9 \/ 2023"},"content":{"rendered":"<p>Un ros\u00e9 vineux, fruit\u00e9 avec de jolis amers. Sa fra\u00eecheur et sa longueur en bouche en font aussi bien un ros\u00e9 de soif qu\u2019un alli\u00e9 gastronomique&#8230;<\/p>\n<p><a href=\"https:\/\/domainedesmaravilhas.com\/wp-content\/uploads\/2024\/05\/FT-Alice-rose-2023-FR.pdf\">Fiche technique<\/a><\/p>","protected":false},"excerpt":{"rendered":"<p>Un ros\u00e9 vineux, fruit\u00e9 avec de jolis amers. Sa fra\u00eecheur et sa longueur en bouche en font aussi bien un ros\u00e9 de soif qu\u2019un alli\u00e9 gastronomique&#8230; Fiche technique<\/p>","protected":false},"featured_media":29313,"template":"","meta":{"_et_pb_use_builder":"","_et_pb_old_content":"","_et_gb_content_width":""},"product_cat":[68,27,45],"product_tag":[70,57,47,58],"class_list":{"0":"post-28933","1":"product","2":"type-product","3":"status-publish","4":"has-post-thumbnail","6":"product_cat-68","7":"product_cat-rose","8":"product_cat-vin-de-france","9":"product_tag-70","10":"product_tag-rose","11":"product_tag-vin","12":"product_tag-vin-de-france","14":"first","15":"instock","16":"shipping-taxable","17":"product-type-simple"},"_links":{"self":[{"href":"https:\/\/domainedesmaravilhas.com\/en\/wp-json\/wp\/v2\/product\/28933","targetHints":{"allow":["GET"]}}],"collection":[{"href":"https:\/\/domainedesmaravilhas.com\/en\/wp-json\/wp\/v2\/product"}],"about":[{"href":"https:\/\/domainedesmaravilhas.com\/en\/wp-json\/wp\/v2\/types\/product"}],"wp:featuredmedia":[{"embeddable":true,"href":"https:\/\/domainedesmaravilhas.com\/en\/wp-json\/wp\/v2\/media\/29313"}],"wp:attachment":[{"href":"https:\/\/domainedesmaravilhas.com\/en\/wp-json\/wp\/v2\/media?parent=28933"}],"wp:term":[{"taxonomy":"product_cat","embeddable":true,"href":"https:\/\/domainedesmaravilhas.com\/en\/wp-json\/wp\/v2\/product_cat?post=28933"},{"taxonomy":"product_tag","embeddable":true,"href":"https:\/\/domainedesmaravilhas.com\/en\/wp-json\/wp\/v2\/product_tag?post=28933"}],"curies":[{"name":"wp","href":"https:\/\/api.w.org\/{rel}","templated":true}]}}