{"id":28937,"date":"2023-09-16T09:45:51","date_gmt":"2023-09-16T07:45:51","guid":{"rendered":"https:\/\/domainedesmaravilhas.com\/?post_type=product&#038;p=28937"},"modified":"2024-05-15T14:56:03","modified_gmt":"2024-05-15T12:56:03","slug":"maestral-blanc-2023","status":"publish","type":"product","link":"https:\/\/domainedesmaravilhas.com\/en\/product\/maestral-blanc-2023\/","title":{"rendered":"Maestral \/ Blanc \/ 2023"},"content":{"rendered":"<p>Fra\u00eecheur, salinit\u00e9, \u00e9quilibre, des fruits jaunes et des amers d\u2019agrumes : une clairette toujours aussi fougueuse et friande avec une belle vivacit\u00e9 toujours en 2023&#8230;<\/p>\n<p><a href=\"https:\/\/domainedesmaravilhas.com\/wp-content\/uploads\/2024\/05\/FT-Maestral-blanc-2023-FR.pdf\">Fiche technique<\/a><\/p>","protected":false},"excerpt":{"rendered":"<p>Fra\u00eecheur, salinit\u00e9, \u00e9quilibre, des fruits jaunes et des amers d\u2019agrumes : une clairette toujours aussi fougueuse et friande avec une belle vivacit\u00e9 toujours en 2023&#8230; Fiche technique<\/p>","protected":false},"featured_media":29309,"template":"","meta":{"_et_pb_use_builder":"","_et_pb_old_content":"","_et_gb_content_width":""},"product_cat":[68,26,42],"product_tag":[70,50,48,47],"class_list":{"0":"post-28937","1":"product","2":"type-product","3":"status-publish","4":"has-post-thumbnail","6":"product_cat-68","7":"product_cat-blanc","8":"product_cat-laudun","9":"product_tag-70","10":"product_tag-laudun","11":"product_tag-rouge","12":"product_tag-vin","14":"first","15":"instock","16":"shipping-taxable","17":"product-type-simple"},"_links":{"self":[{"href":"https:\/\/domainedesmaravilhas.com\/en\/wp-json\/wp\/v2\/product\/28937","targetHints":{"allow":["GET"]}}],"collection":[{"href":"https:\/\/domainedesmaravilhas.com\/en\/wp-json\/wp\/v2\/product"}],"about":[{"href":"https:\/\/domainedesmaravilhas.com\/en\/wp-json\/wp\/v2\/types\/product"}],"wp:featuredmedia":[{"embeddable":true,"href":"https:\/\/domainedesmaravilhas.com\/en\/wp-json\/wp\/v2\/media\/29309"}],"wp:attachment":[{"href":"https:\/\/domainedesmaravilhas.com\/en\/wp-json\/wp\/v2\/media?parent=28937"}],"wp:term":[{"taxonomy":"product_cat","embeddable":true,"href":"https:\/\/domainedesmaravilhas.com\/en\/wp-json\/wp\/v2\/product_cat?post=28937"},{"taxonomy":"product_tag","embeddable":true,"href":"https:\/\/domainedesmaravilhas.com\/en\/wp-json\/wp\/v2\/product_tag?post=28937"}],"curies":[{"name":"wp","href":"https:\/\/api.w.org\/{rel}","templated":true}]}}