{"id":28941,"date":"2023-09-16T09:54:14","date_gmt":"2023-09-16T07:54:14","guid":{"rendered":"https:\/\/domainedesmaravilhas.com\/?post_type=product&#038;p=28941"},"modified":"2024-05-15T14:52:46","modified_gmt":"2024-05-15T12:52:46","slug":"alice-rouge-2022","status":"publish","type":"product","link":"https:\/\/domainedesmaravilhas.com\/en\/product\/alice-rouge-2022\/","title":{"rendered":"Alice \/ Rouge \/ 2022"},"content":{"rendered":"<p>Plongez dans l&rsquo;univers fantaisiste de cette cuv\u00e9e de cinsault, un d\u00e9paysement color\u00e9, une gourmandise onirique, une extravagance de fruits&#8230;<\/p>\n<p><a href=\"https:\/\/domainedesmaravilhas.com\/wp-content\/uploads\/2023\/09\/FT-Alice-rouge-2022-FR.pdf\">Fiche technique<\/a><\/p>","protected":false},"excerpt":{"rendered":"<p>Disponible \u00e9galement en magnum<\/p>","protected":false},"featured_media":29305,"template":"","meta":{"_et_pb_use_builder":"","_et_pb_old_content":"","_et_gb_content_width":""},"product_cat":[40,25,45],"product_tag":[62,48,47,58],"class_list":{"0":"post-28941","1":"product","2":"type-product","3":"status-publish","4":"has-post-thumbnail","6":"product_cat-40","7":"product_cat-rouge","8":"product_cat-vin-de-france","9":"product_tag-62","10":"product_tag-rouge","11":"product_tag-vin","12":"product_tag-vin-de-france","14":"first","15":"instock","16":"shipping-taxable","17":"product-type-simple"},"_links":{"self":[{"href":"https:\/\/domainedesmaravilhas.com\/en\/wp-json\/wp\/v2\/product\/28941","targetHints":{"allow":["GET"]}}],"collection":[{"href":"https:\/\/domainedesmaravilhas.com\/en\/wp-json\/wp\/v2\/product"}],"about":[{"href":"https:\/\/domainedesmaravilhas.com\/en\/wp-json\/wp\/v2\/types\/product"}],"wp:featuredmedia":[{"embeddable":true,"href":"https:\/\/domainedesmaravilhas.com\/en\/wp-json\/wp\/v2\/media\/29305"}],"wp:attachment":[{"href":"https:\/\/domainedesmaravilhas.com\/en\/wp-json\/wp\/v2\/media?parent=28941"}],"wp:term":[{"taxonomy":"product_cat","embeddable":true,"href":"https:\/\/domainedesmaravilhas.com\/en\/wp-json\/wp\/v2\/product_cat?post=28941"},{"taxonomy":"product_tag","embeddable":true,"href":"https:\/\/domainedesmaravilhas.com\/en\/wp-json\/wp\/v2\/product_tag?post=28941"}],"curies":[{"name":"wp","href":"https:\/\/api.w.org\/{rel}","templated":true}]}}