{"id":28950,"date":"2023-09-16T10:13:29","date_gmt":"2023-09-16T08:13:29","guid":{"rendered":"https:\/\/domainedesmaravilhas.com\/?post_type=product&#038;p=28950"},"modified":"2024-05-15T14:49:58","modified_gmt":"2024-05-15T12:49:58","slug":"pradau-rouge-2020","status":"publish","type":"product","link":"https:\/\/domainedesmaravilhas.com\/en\/product\/pradau-rouge-2020\/","title":{"rendered":"Pradau \/ Rouge \/ 2020"},"content":{"rendered":"<p>Sensations fines, harmonieuses, sillage parfum\u00e9 et identitaire. Fruit vivant avec de l&rsquo;\u00e9clat et grande longueur min\u00e9rale&#8230;<\/p>\n<p><a href=\"https:\/\/domainedesmaravilhas.com\/wp-content\/uploads\/2023\/09\/FT-Pradau-rouge-2020-FR.pdf\" target=\"_blank\" rel=\"noopener\">Fiche technique<\/a><\/p>","protected":false},"excerpt":{"rendered":"<p>Disponible \u00e9galement en magnum<\/p>","protected":false},"featured_media":29311,"template":"","meta":{"_et_pb_use_builder":"","_et_pb_old_content":"","_et_gb_content_width":""},"product_cat":[38,44,25],"product_tag":[61,53,48,47],"class_list":{"0":"post-28950","1":"product","2":"type-product","3":"status-publish","4":"has-post-thumbnail","6":"product_cat-38","7":"product_cat-lirac","8":"product_cat-rouge","9":"product_tag-61","10":"product_tag-lirac","11":"product_tag-rouge","12":"product_tag-vin","14":"first","15":"instock","16":"shipping-taxable","17":"product-type-simple"},"_links":{"self":[{"href":"https:\/\/domainedesmaravilhas.com\/en\/wp-json\/wp\/v2\/product\/28950","targetHints":{"allow":["GET"]}}],"collection":[{"href":"https:\/\/domainedesmaravilhas.com\/en\/wp-json\/wp\/v2\/product"}],"about":[{"href":"https:\/\/domainedesmaravilhas.com\/en\/wp-json\/wp\/v2\/types\/product"}],"wp:featuredmedia":[{"embeddable":true,"href":"https:\/\/domainedesmaravilhas.com\/en\/wp-json\/wp\/v2\/media\/29311"}],"wp:attachment":[{"href":"https:\/\/domainedesmaravilhas.com\/en\/wp-json\/wp\/v2\/media?parent=28950"}],"wp:term":[{"taxonomy":"product_cat","embeddable":true,"href":"https:\/\/domainedesmaravilhas.com\/en\/wp-json\/wp\/v2\/product_cat?post=28950"},{"taxonomy":"product_tag","embeddable":true,"href":"https:\/\/domainedesmaravilhas.com\/en\/wp-json\/wp\/v2\/product_tag?post=28950"}],"curies":[{"name":"wp","href":"https:\/\/api.w.org\/{rel}","templated":true}]}}