{"id":29018,"date":"2023-09-23T10:03:10","date_gmt":"2023-09-23T08:03:10","guid":{"rendered":"https:\/\/domainedesmaravilhas.com\/?post_type=product&#038;p=29018"},"modified":"2024-05-15T14:48:51","modified_gmt":"2024-05-15T12:48:51","slug":"maestral-rouge-2020","status":"publish","type":"product","link":"https:\/\/domainedesmaravilhas.com\/en\/product\/maestral-rouge-2020\/","title":{"rendered":"Maestral \/ Rouge \/ 2020"},"content":{"rendered":"<p>Le mill\u00e9sime 2020 livre toujours des ar\u00f4mes de fruits rouge et de r\u00e9glisse l\u00e9g\u00e8rement am\u00e8re mais aussi une belle rondeur tout en conservant une fine trame tannique&#8230;<\/p>\n<p><a href=\"https:\/\/domainedesmaravilhas.com\/wp-content\/uploads\/2023\/09\/FT-Maestral-rouge-2020-FR.pdf\">Fiche technique<\/a><\/p>","protected":false},"excerpt":{"rendered":"<p>Disponible \u00e9galement en magnum<\/p>","protected":false},"featured_media":29310,"template":"","meta":{"_et_pb_use_builder":"","_et_pb_old_content":"","_et_gb_content_width":""},"product_cat":[38,42,25],"product_tag":[61,50,48,47],"class_list":{"0":"post-29018","1":"product","2":"type-product","3":"status-publish","4":"has-post-thumbnail","6":"product_cat-38","7":"product_cat-laudun","8":"product_cat-rouge","9":"product_tag-61","10":"product_tag-laudun","11":"product_tag-rouge","12":"product_tag-vin","14":"first","15":"instock","16":"shipping-taxable","17":"product-type-simple"},"_links":{"self":[{"href":"https:\/\/domainedesmaravilhas.com\/en\/wp-json\/wp\/v2\/product\/29018","targetHints":{"allow":["GET"]}}],"collection":[{"href":"https:\/\/domainedesmaravilhas.com\/en\/wp-json\/wp\/v2\/product"}],"about":[{"href":"https:\/\/domainedesmaravilhas.com\/en\/wp-json\/wp\/v2\/types\/product"}],"wp:featuredmedia":[{"embeddable":true,"href":"https:\/\/domainedesmaravilhas.com\/en\/wp-json\/wp\/v2\/media\/29310"}],"wp:attachment":[{"href":"https:\/\/domainedesmaravilhas.com\/en\/wp-json\/wp\/v2\/media?parent=29018"}],"wp:term":[{"taxonomy":"product_cat","embeddable":true,"href":"https:\/\/domainedesmaravilhas.com\/en\/wp-json\/wp\/v2\/product_cat?post=29018"},{"taxonomy":"product_tag","embeddable":true,"href":"https:\/\/domainedesmaravilhas.com\/en\/wp-json\/wp\/v2\/product_tag?post=29018"}],"curies":[{"name":"wp","href":"https:\/\/api.w.org\/{rel}","templated":true}]}}