{"id":29300,"date":"2024-05-15T14:16:56","date_gmt":"2024-05-15T12:16:56","guid":{"rendered":"https:\/\/domainedesmaravilhas.com\/?post_type=product&#038;p=29300"},"modified":"2024-05-15T14:29:03","modified_gmt":"2024-05-15T12:29:03","slug":"alice-blanc-2023","status":"publish","type":"product","link":"https:\/\/domainedesmaravilhas.com\/en\/product\/alice-blanc-2023\/","title":{"rendered":"Alice \/ Blanc \/ 2023"},"content":{"rendered":"<p>Ligne \u00e9l\u00e9gante. Le bourboulenc apporte la structure de cet assemblage. Aromatique d\u00e9licate et complexe, relev\u00e9e par la salinit\u00e9 typique des Maravilhas&#8230;<\/p>\n<p><a href=\"https:\/\/domainedesmaravilhas.com\/wp-content\/uploads\/2024\/05\/FT-Alice-blanc-2023-FR.pdf\">Fiche technique<\/a><\/p>","protected":false},"excerpt":{"rendered":"<p>Ligne \u00e9l\u00e9gante. Le bourboulenc apporte la structure de cet assemblage. Aromatique d\u00e9licate et complexe, relev\u00e9e par la salinit\u00e9 typique des Maravilhas&#8230; Fiche technique<\/p>","protected":false},"featured_media":29303,"template":"","meta":{"_et_pb_use_builder":"","_et_pb_old_content":"","_et_gb_content_width":""},"product_cat":[68,26,44],"product_tag":[70,59,47,58],"class_list":{"0":"post-29300","1":"product","2":"type-product","3":"status-publish","4":"has-post-thumbnail","6":"product_cat-68","7":"product_cat-blanc","8":"product_cat-lirac","9":"product_tag-70","10":"product_tag-blanc","11":"product_tag-vin","12":"product_tag-vin-de-france","14":"first","15":"instock","16":"shipping-taxable","17":"product-type-simple"},"_links":{"self":[{"href":"https:\/\/domainedesmaravilhas.com\/en\/wp-json\/wp\/v2\/product\/29300","targetHints":{"allow":["GET"]}}],"collection":[{"href":"https:\/\/domainedesmaravilhas.com\/en\/wp-json\/wp\/v2\/product"}],"about":[{"href":"https:\/\/domainedesmaravilhas.com\/en\/wp-json\/wp\/v2\/types\/product"}],"wp:featuredmedia":[{"embeddable":true,"href":"https:\/\/domainedesmaravilhas.com\/en\/wp-json\/wp\/v2\/media\/29303"}],"wp:attachment":[{"href":"https:\/\/domainedesmaravilhas.com\/en\/wp-json\/wp\/v2\/media?parent=29300"}],"wp:term":[{"taxonomy":"product_cat","embeddable":true,"href":"https:\/\/domainedesmaravilhas.com\/en\/wp-json\/wp\/v2\/product_cat?post=29300"},{"taxonomy":"product_tag","embeddable":true,"href":"https:\/\/domainedesmaravilhas.com\/en\/wp-json\/wp\/v2\/product_tag?post=29300"}],"curies":[{"name":"wp","href":"https:\/\/api.w.org\/{rel}","templated":true}]}}